{"id":438,"date":"2021-06-03T11:23:56","date_gmt":"2021-06-03T09:23:56","guid":{"rendered":"https:\/\/www.auchaudrondeslegendes.be\/?page_id=438"},"modified":"2024-03-15T12:18:52","modified_gmt":"2024-03-15T11:18:52","slug":"menu-pour-les-groupes","status":"publish","type":"page","link":"https:\/\/www.auchaudrondeslegendes.be\/?page_id=438","title":{"rendered":"Menu pour les groupes"},"content":{"rendered":"\t\t<div data-elementor-type=\"wp-page\" data-elementor-id=\"438\" class=\"elementor elementor-438\" data-elementor-settings=\"[]\">\n\t\t\t\t\t\t<div class=\"elementor-inner\">\n\t\t\t\t\t\t\t<div class=\"elementor-section-wrap\">\n\t\t\t\t\t\t\t<section class=\"elementor-section elementor-top-section elementor-element elementor-element-f49c696 elementor-section-boxed elementor-section-height-default elementor-section-height-default\" data-id=\"f49c696\" data-element_type=\"section\" data-settings=\"{&quot;background_background&quot;:&quot;classic&quot;}\">\n\t\t\t\t\t\t<div class=\"elementor-container elementor-column-gap-default\">\n\t\t\t\t\t\t\t<div class=\"elementor-row\">\n\t\t\t\t\t<div class=\"aux-parallax-section elementor-column elementor-col-100 elementor-top-column elementor-element elementor-element-c0a8a27\" data-id=\"c0a8a27\" data-element_type=\"column\">\n\t\t\t<div class=\"elementor-column-wrap\">\n\t\t\t\t\t\t\t<div class=\"elementor-widget-wrap\">\n\t\t\t\t\t\t\t\t<\/div>\n\t\t\t\t\t<\/div>\n\t\t<\/div>\n\t\t\t\t\t\t\t\t<\/div>\n\t\t\t\t\t<\/div>\n\t\t<\/section>\n\t\t\t\t<section class=\"elementor-section elementor-top-section elementor-element elementor-element-2dca045 elementor-section-boxed elementor-section-height-default elementor-section-height-default\" data-id=\"2dca045\" data-element_type=\"section\">\n\t\t\t\t\t\t<div class=\"elementor-container elementor-column-gap-default\">\n\t\t\t\t\t\t\t<div class=\"elementor-row\">\n\t\t\t\t\t<div class=\"aux-parallax-section elementor-column elementor-col-100 elementor-top-column elementor-element elementor-element-4991b98\" data-id=\"4991b98\" data-element_type=\"column\">\n\t\t\t<div class=\"elementor-column-wrap elementor-element-populated\">\n\t\t\t\t\t\t\t<div class=\"elementor-widget-wrap\">\n\t\t\t\t\t\t<div class=\"elementor-element elementor-element-ead4dcd elementor-widget elementor-widget-heading\" data-id=\"ead4dcd\" data-element_type=\"widget\" data-widget_type=\"heading.default\">\n\t\t\t\t<div class=\"elementor-widget-container\">\n\t\t\t<h2 class=\"elementor-heading-title elementor-size-default\">Suggestions de Menus pour groupes \u00e0 partir de 20 personnes<\/h2>\t\t<\/div>\n\t\t\t\t<\/div>\n\t\t\t\t\t\t<\/div>\n\t\t\t\t\t<\/div>\n\t\t<\/div>\n\t\t\t\t\t\t\t\t<\/div>\n\t\t\t\t\t<\/div>\n\t\t<\/section>\n\t\t\t\t<section class=\"elementor-section elementor-top-section elementor-element elementor-element-cd1d8fe elementor-section-boxed elementor-section-height-default elementor-section-height-default\" data-id=\"cd1d8fe\" data-element_type=\"section\">\n\t\t\t\t\t\t<div class=\"elementor-container elementor-column-gap-default\">\n\t\t\t\t\t\t\t<div class=\"elementor-row\">\n\t\t\t\t\t<div class=\"aux-parallax-section elementor-column elementor-col-100 elementor-top-column elementor-element elementor-element-1cee82a\" data-id=\"1cee82a\" data-element_type=\"column\">\n\t\t\t<div class=\"elementor-column-wrap elementor-element-populated\">\n\t\t\t\t\t\t\t<div class=\"elementor-widget-wrap\">\n\t\t\t\t\t\t<div class=\"elementor-element elementor-element-56a2255 elementor-widget elementor-widget-text-editor\" data-id=\"56a2255\" data-element_type=\"widget\" data-widget_type=\"text-editor.default\">\n\t\t\t\t<div class=\"elementor-widget-container\">\n\t\t\t\t\t\t\t\t<div class=\"elementor-text-editor elementor-clearfix\">\n\t\t\t\t\t<div class=\"page\" title=\"Page 1\"><div class=\"section\"><div class=\"layoutArea\"><div class=\"column\"><h3>Menu Budget 19.90\u20ac<\/h3><p>(+3.50\u20ac\/pers. si potage)<\/p><p>Tartines 3 saveurs des collines (au choix : Am\u00e9ricain maison, p\u00e2t\u00e9 Quintine, fromage Quintine ou Jambon artisanal)<br \/>Mousse au chocolat ou flan au caramel<\/p><h3>Menu Brasseur 26.90\u20ac<\/h3><p>Pain de viande sauce Hercule (Li\u00e9geoise)<br \/>Ou<br \/>Joue de porc \u00e0 la Corne black<br \/>Mousse au chocolat ou flan caramel<\/p><h3>Menu Fresh 26.50\u20ac<\/h3><p>Salade Grecque de chez nous<br \/>Ou<br \/>Salade de poulet grill\u00e9 des Collines<br \/>Ou<br \/>Wrap au saumon Fum\u00e9<br \/>(2 choix maximum sur la table)<br \/>Tiramisu maison ou pain d\u2019\u00e9pices glac\u00e9 fa\u00e7on Bierc\u00e9e<\/p><h3>Menu Quintine 27.90\u20ac<\/h3><p>Tranche de Gigot d\u2019agneau cuit basse temp\u00e9rature, sauce au caf\u00e9 des sorci\u00e8res (Min 5<br \/>personnes)<br \/>Ou<br \/>Jambonneau sauce Dijonnaise<br \/>Mousse au chocolat ou Tiramisu maison<\/p><h3>Menu d\u00e9couverte 39.50\u20ac<\/h3><p>Salade Grecque de chez nous ou Quiche du Mara\u00eecher au fromage Quintine<br \/>C\u00f4te rose cuite basse temp\u00e9rature sauce \u00e0 l\u2019Ambr\u00e9e, thym et miel (8 jours avant)<br \/>(Min 10personnes)<br \/>Ou<br \/>Hachis parmentier de canard et jus cors\u00e9<br \/>Ou<br \/>Ballotine de volaille farcie sauce pistache<\/p><p>Dessert au choix parmi notre liste (2 choix maximum)<\/p><h3>Menu Ap\u00e9ro 38.50\u20ac<\/h3><p>Mises en bouche du terroir (5pc\/pers)<br \/>C\u00f4te rose cuite basse temp\u00e9rature sauce \u00e0 l\u2019Ambr\u00e9e, thym et miel (8 jours avant)<br \/>(Min 10personnes)<br \/>Ou<br \/>Cuisse de Canard confite sauce Ducassis<br \/>Ou<br \/>Poulet champignon sauce curry rouge et riz<br \/>Dessert au choix parmi notre liste (2 choix maximum)<\/p><h3>Menu terre &amp; Mer 42.50\u20ac<\/h3><p>Scampis du chef sauce Bisque<br \/>Ou<br \/>Tagliata de b\u0153uf<br \/>Cabillaud en croute d\u2019herbes sauce Harmonie<br \/>Ou<br \/>Magret de canard r\u00f4ti sauce oignons rouge<br \/>Dessert au choix parmi notre liste (2 choix maximum)<\/p><h3>Menu du Chef 44.50\u20ac<\/h3><p>Souffl\u00e9 aux l\u00e9gumes<br \/>Ou<br \/>Brochette de scampis Tha\u00ef<br \/>Pav\u00e9 de b\u0153uf sauce verde<br \/>Ou<br \/>Filet de bar grill\u00e9 sauce portugaise<br \/>Dessert au choix parmi notre liste (2 choix maximum)<\/p><h3>Menu V\u00e9g\u00e9tarien 27.90\u20ac<\/h3><p>Burger proven\u00e7al<br \/>Ou<br \/>Salade v\u00e9g\u00e9tarienne<br \/>Ou<br \/>Mille-feuille de l\u00e9gumes r\u00f4tis<br \/>(1 choix maximum sur la table)<br \/>Mousse au chocolat ou cr\u00e8me brul\u00e9e<\/p><h3>Menu junior (-12 ans) : 17.90 \u20ac<\/h3><p>Boulettes maison<br \/>Ou<br \/>Macaroni<br \/>Mousse au chocolat ou Dame Blanche<\/p><h3>Options\u00a0<\/h3><p>Tous nos plats sont accompagn\u00e9s de bases de crudit\u00e9s et de frites si aucune option a \u00e9t\u00e9 retenue.<\/p><p>Accompagnements possibles\u00a0(un seul choix possible pour l\u2019ensemble du groupe)\u00a0:<br \/>&#8211; Frites<br \/>&#8211; Croquettes<br \/>&#8211; Pommes de terre grenailles au romarin<br \/>&#8211; Gratin Dauphinois (+1.50\u20ac\/personnes)<br \/>&#8211; Pomme de terre Macaire (+1.50\u20ac\/personnes)<\/p><p>Accompagnements l\u00e9gumes possibles (un seul choix possible pour l\u2019ensemble du groupe)\u00a0:<br \/>&#8211; Crudit\u00e9s<br \/>&#8211; L\u00e9gumes r\u00f4tis<br \/>&#8211; Flan de l\u00e9gumes (+1.50\u20ac\/personnes)<\/p><h3>Liste des desserts<\/h3><p>&#8211; Flanc au caramel<br \/>&#8211; Cr\u00e8me brul\u00e9e<br \/>&#8211; Moelleux au chocolat<br \/>&#8211; Tiramisu maison<br \/>&#8211; Mousse au chocolat<br \/>&#8211; Tartelette citron meringue<br \/>&#8211; Pain d\u2019\u00e9pices glac\u00e9<br \/>&#8211; Assiettes de fromage (+3\u20ac\/pers et pour l\u2019ensemble du groupe)<br \/>&#8211; G\u00e2teau de circonstance maison (+2.50\u20ac\/pers et pour l\u2019ensemble du groupe)<\/p><h3>Formules buffet<\/h3><p>Nous proposons diff\u00e9rentes formules. <br \/>Les prix affich\u00e9s sont \u00e0 titre indicatif. <br \/>Merci de nous envoyer un mail pour \u00e9tablir un devis correspondant \u00e0 vos attentes<br \/>&#8211; Formule petit-d\u00e9jeuner (1 croissant, 1 pain au chocolat, jus, eau et caf\u00e9 \u00e0 volont\u00e9) 9.90\u20ac\/pers<br \/>&#8211; Formule buffet froid 20\u20ac \u00e0 35\u20ac<br \/>&#8211; Formule buffet chaud 30\u20ac \u00e0 50\u20ac<br \/>&#8211; Assortiment de mignardises sucr\u00e9es (Entre 2\u20ac\/pcs et 2.50\u20ac\/pcs)<br \/>&#8211; Mises en bouche 3\u20ac\/pcs<br \/>&#8211; Buffet fromage 12.50\u20ac \u00e0 35\u20ac (Buffet apr\u00e8s repas ou buffet complet)<br \/>&#8211; Buffet sandwich<br \/>Formules boissons<br \/>&#8211; Eau \u00e0 volont\u00e9 4.90\u20ac\/pers (eau sur la table durant l\u2019int\u00e9gralit\u00e9 du repas)<br \/>&#8211; Caf\u00e9 samovar 16\u20ac\/pcs (+- 12 tasses) (en libre-service)<br \/>&#8211; Forfait vin 9.50\u20ac\/pers (1\/2 bouteille de vin \u00e0 table en libre-service)<br \/>&#8211; Forfait petite soif 18\u20ac (1 ap\u00e9ritif au choix, 1 verre de vin ou une bi\u00e8re, 1 caf\u00e9 et eau \u00e0 table)<br \/>&#8211; Forfait all-in 24\u20ac (1ap\u00e9ritif ou 1 cocktail au choix, 2 verres de vin ou 2 bi\u00e8res, 1 caf\u00e9 et eau \u00e0<br \/>table)<\/p><\/div><\/div><\/div><\/div>\t\t\t\t\t<\/div>\n\t\t\t\t\t\t<\/div>\n\t\t\t\t<\/div>\n\t\t\t\t\t\t<\/div>\n\t\t\t\t\t<\/div>\n\t\t<\/div>\n\t\t\t\t\t\t\t\t<\/div>\n\t\t\t\t\t<\/div>\n\t\t<\/section>\n\t\t\t\t\t\t<\/div>\n\t\t\t\t\t\t<\/div>\n\t\t\t\t\t<\/div>\n\t\t","protected":false},"excerpt":{"rendered":"<p>Suggestions de Menus pour groupes \u00e0 partir de 20 personnes Menu Budget 19.90\u20ac (+3.50\u20ac\/pers. si potage) Tartines 3 saveurs des collines (au choix : Am\u00e9ricain maison, p\u00e2t\u00e9 Quintine, fromage Quintine ou Jambon artisanal)Mousse au chocolat ou flan au caramel Menu Brasseur 26.90\u20ac Pain de viande sauce Hercule (Li\u00e9geoise)OuJoue de porc \u00e0 la Corne blackMousse au [&hellip;]<\/p>\n","protected":false},"author":1,"featured_media":0,"parent":0,"menu_order":0,"comment_status":"closed","ping_status":"closed","template":"","meta":[],"_links":{"self":[{"href":"https:\/\/www.auchaudrondeslegendes.be\/index.php?rest_route=\/wp\/v2\/pages\/438"}],"collection":[{"href":"https:\/\/www.auchaudrondeslegendes.be\/index.php?rest_route=\/wp\/v2\/pages"}],"about":[{"href":"https:\/\/www.auchaudrondeslegendes.be\/index.php?rest_route=\/wp\/v2\/types\/page"}],"author":[{"embeddable":true,"href":"https:\/\/www.auchaudrondeslegendes.be\/index.php?rest_route=\/wp\/v2\/users\/1"}],"replies":[{"embeddable":true,"href":"https:\/\/www.auchaudrondeslegendes.be\/index.php?rest_route=%2Fwp%2Fv2%2Fcomments&post=438"}],"version-history":[{"count":46,"href":"https:\/\/www.auchaudrondeslegendes.be\/index.php?rest_route=\/wp\/v2\/pages\/438\/revisions"}],"predecessor-version":[{"id":898,"href":"https:\/\/www.auchaudrondeslegendes.be\/index.php?rest_route=\/wp\/v2\/pages\/438\/revisions\/898"}],"wp:attachment":[{"href":"https:\/\/www.auchaudrondeslegendes.be\/index.php?rest_route=%2Fwp%2Fv2%2Fmedia&parent=438"}],"curies":[{"name":"wp","href":"https:\/\/api.w.org\/{rel}","templated":true}]}}